{"id":1407,"date":"2023-04-18T15:04:27","date_gmt":"2023-04-18T13:04:27","guid":{"rendered":"https:\/\/fonoradar.com\/?post_type=product&#038;p=1407"},"modified":"2026-04-03T13:29:26","modified_gmt":"2026-04-03T11:29:26","slug":"zdroj-s-t-lp","status":"publish","type":"product","link":"https:\/\/fonoradar.com\/en\/product\/zdroj-s-t-lp\/","title":{"rendered":"Zdr\u00f3j &#8211; s\/t LP"},"content":{"rendered":"<p>Listen on <a href=\"https:\/\/fonoradar.bandcamp.com\/album\/zdr-j-s-t\">Bandcamp.<\/a><\/p>\n<audio class=\"wp-audio-shortcode\" id=\"audio-1407-1\" preload=\"none\" style=\"width: 100%;\" controls=\"controls\"><source type=\"audio\/mpeg\" src=\"https:\/\/fonoradar.com\/wp-content\/uploads\/2022\/09\/Zdroj-Zdroj-01-Otworzcie-parki-zdrojowe.mp3?_=1\" \/><a href=\"https:\/\/fonoradar.com\/wp-content\/uploads\/2022\/09\/Zdroj-Zdroj-01-Otworzcie-parki-zdrojowe.mp3\">https:\/\/fonoradar.com\/wp-content\/uploads\/2022\/09\/Zdroj-Zdroj-01-Otworzcie-parki-zdrojowe.mp3<\/a><\/audio>","protected":false},"excerpt":{"rendered":"<p>Zdr\u00f3j to duet, w kt\u00f3rego sk\u0142ad wchodz\u0105 Jakub Zasada i Sebastiaan Janssen. Wszystkie kawa\u0142ki na ich debiutanckiej p\u0142ycie to improwizacje, bez przygotowanych wcze\u015bniej schemat\u00f3w i motyw\u00f3w. Edycj\u0105 zaj\u0105\u0142 si\u0119 \u0141ukasz Plata, bez dogrywek i overdub\u00f3w. Za miks odpowiedzialny jest Szymon Szwarc (Rozw\u00f3d), a mastering robi\u0142 Mateusz Wysocki. No-Wave-Kraut-Punk &#8211; zderzenie Kurws, the Ex i Lightning Bolt.<\/p>\n<p>Tylko winyl, dwie wersje kolorystyczne: klasyczny czarny winyl oraz Easter Yellow.<\/p>","protected":false},"featured_media":1084,"template":"","meta":[],"product_brand":[],"product_cat":[24],"product_tag":[39,86,85],"class_list":{"0":"post-1407","1":"product","2":"type-product","3":"status-publish","4":"has-post-thumbnail","6":"product_cat-lp","7":"product_tag-noise-rock","8":"product_tag-noise-punk","9":"product_tag-zdroj","10":"product_shipping_class-lp","12":"first","13":"outofstock","14":"sale","15":"taxable","16":"shipping-taxable","17":"purchasable","18":"product-type-variable","19":"has-default-attributes"},"jetpack_sharing_enabled":true,"_links":{"self":[{"href":"https:\/\/fonoradar.com\/en\/wp-json\/wp\/v2\/product\/1407","targetHints":{"allow":["GET"]}}],"collection":[{"href":"https:\/\/fonoradar.com\/en\/wp-json\/wp\/v2\/product"}],"about":[{"href":"https:\/\/fonoradar.com\/en\/wp-json\/wp\/v2\/types\/product"}],"wp:featuredmedia":[{"embeddable":true,"href":"https:\/\/fonoradar.com\/en\/wp-json\/wp\/v2\/media\/1084"}],"wp:attachment":[{"href":"https:\/\/fonoradar.com\/en\/wp-json\/wp\/v2\/media?parent=1407"}],"wp:term":[{"taxonomy":"product_brand","embeddable":true,"href":"https:\/\/fonoradar.com\/en\/wp-json\/wp\/v2\/product_brand?post=1407"},{"taxonomy":"product_cat","embeddable":true,"href":"https:\/\/fonoradar.com\/en\/wp-json\/wp\/v2\/product_cat?post=1407"},{"taxonomy":"product_tag","embeddable":true,"href":"https:\/\/fonoradar.com\/en\/wp-json\/wp\/v2\/product_tag?post=1407"}],"curies":[{"name":"wp","href":"https:\/\/api.w.org\/{rel}","templated":true}]}}