{"id":1431,"date":"2023-04-18T15:41:42","date_gmt":"2023-04-18T13:41:42","guid":{"rendered":"https:\/\/fonoradar.com\/?post_type=product&#038;p=1431"},"modified":"2026-04-14T10:53:11","modified_gmt":"2026-04-14T08:53:11","slug":"rozwod-pompy","status":"publish","type":"product","link":"https:\/\/fonoradar.com\/en\/product\/rozwod-pompy\/","title":{"rendered":"Rozw\u00f3d &#8211; Pompy CD\/LP"},"content":{"rendered":"<p>Pos\u0142uchaj ca\u0142o\u015bci <a href=\"https:\/\/fonoradar.bandcamp.com\/album\/rozw-d-pompy\">Bandcamp<\/a>.<\/p>\n<audio class=\"wp-audio-shortcode\" id=\"audio-1431-1\" preload=\"none\" style=\"width: 100%;\" controls=\"controls\"><source type=\"audio\/mpeg\" src=\"https:\/\/fonoradar.com\/wp-content\/uploads\/2021\/04\/Sopel.mp3?_=1\" \/><a href=\"https:\/\/fonoradar.com\/wp-content\/uploads\/2021\/04\/Sopel.mp3\">https:\/\/fonoradar.com\/wp-content\/uploads\/2021\/04\/Sopel.mp3<\/a><\/audio>","protected":false},"excerpt":{"rendered":"<p>Debiutancka p\u0142yta toru\u0144skiego Rozwodu. Blisko Lotto, Facs i Radian.<\/p>\n<p>CD lub winyl (dwie wersje kolorystyczne: Classic Black oraz Transparent Natural).<br \/>\nP\u0142yta CD ma inn\u0105 ok\u0142adk\u0119 ni\u017c wersja LP.<\/p>","protected":false},"featured_media":578,"template":"","meta":[],"product_brand":[],"product_cat":[15],"product_tag":[70,39,40,47,68],"class_list":{"0":"post-1431","1":"product","2":"type-product","3":"status-publish","4":"has-post-thumbnail","6":"product_cat-bez-kategorii","7":"product_tag-dub-wave","8":"product_tag-noise-rock","9":"product_tag-post-punk","10":"product_tag-post-rock","11":"product_tag-rozwod","13":"first","14":"instock","15":"sale","16":"taxable","17":"shipping-taxable","18":"purchasable","19":"product-type-variable","20":"has-default-attributes"},"jetpack_sharing_enabled":true,"_links":{"self":[{"href":"https:\/\/fonoradar.com\/en\/wp-json\/wp\/v2\/product\/1431","targetHints":{"allow":["GET"]}}],"collection":[{"href":"https:\/\/fonoradar.com\/en\/wp-json\/wp\/v2\/product"}],"about":[{"href":"https:\/\/fonoradar.com\/en\/wp-json\/wp\/v2\/types\/product"}],"wp:featuredmedia":[{"embeddable":true,"href":"https:\/\/fonoradar.com\/en\/wp-json\/wp\/v2\/media\/578"}],"wp:attachment":[{"href":"https:\/\/fonoradar.com\/en\/wp-json\/wp\/v2\/media?parent=1431"}],"wp:term":[{"taxonomy":"product_brand","embeddable":true,"href":"https:\/\/fonoradar.com\/en\/wp-json\/wp\/v2\/product_brand?post=1431"},{"taxonomy":"product_cat","embeddable":true,"href":"https:\/\/fonoradar.com\/en\/wp-json\/wp\/v2\/product_cat?post=1431"},{"taxonomy":"product_tag","embeddable":true,"href":"https:\/\/fonoradar.com\/en\/wp-json\/wp\/v2\/product_tag?post=1431"}],"curies":[{"name":"wp","href":"https:\/\/api.w.org\/{rel}","templated":true}]}}