{"id":1435,"date":"2023-04-18T15:51:24","date_gmt":"2023-04-18T13:51:24","guid":{"rendered":"https:\/\/fonoradar.com\/?post_type=product&#038;p=1435"},"modified":"2025-07-01T00:00:50","modified_gmt":"2025-06-30T22:00:50","slug":"dump-hypocrite-dance","status":"publish","type":"product","link":"https:\/\/fonoradar.com\/en\/product\/dump-hypocrite-dance\/","title":{"rendered":"Dump &#8211; Hypocrite Dance CD\/LP"},"content":{"rendered":"<p>Listen on <a href=\"https:\/\/fonoradar.bandcamp.com\/album\/dump-hypocrite-dance\">Bandcamp<\/a>.<\/p>\n<audio class=\"wp-audio-shortcode\" id=\"audio-1435-1\" preload=\"none\" style=\"width: 100%;\" controls=\"controls\"><source type=\"audio\/mpeg\" src=\"https:\/\/fonoradar.com\/wp-content\/uploads\/2021\/02\/Dump-Hypocrite-Dance-03-mp3.mp3?_=1\" \/><a href=\"https:\/\/fonoradar.com\/wp-content\/uploads\/2021\/02\/Dump-Hypocrite-Dance-03-mp3.mp3\">https:\/\/fonoradar.com\/wp-content\/uploads\/2021\/02\/Dump-Hypocrite-Dance-03-mp3.mp3<\/a><\/audio>","protected":false},"excerpt":{"rendered":"<p>Druga p\u0142yta pionier\u00f3w polskiego noise-rock&#8217;a w ko\u0144cu dost\u0119pna na winylu. Materia\u0142 pierwotnie ukaza\u0142 si\u0119 w\u00a0 1994 roku na kasecie nak\u0142adem Outside.\u00a0 Absolutny klasyk.<\/p>\n<p>Winyl (dwie wersje kolorystyczne: Classic Black oraz Orange &amp; Black Marble) lub podw\u00f3jna p\u0142yta CD (<span class=\"d2edcug0 hpfvmrgz qv66sw1b c1et5uql rrkovp55 a8c37x1j keod5gw0 nxhoafnm aigsh9s9 d3f4x2em fe6kdd0r mau55g9w c8b282yb iv3no6db jq4qci2q a3bd9o3v knj5qynh oo9gr5id hzawbc8m\" dir=\"auto\">dysk 1 zawiera p\u0142yt\u0119 z jednym utworem bonusowym, dysk 2 zawiera legendarne ostatnie nagrania Dump z dema 1996! <\/span>Materia\u0142 bonusowy z CD nie jest dost\u0119pny w wersji winylowej).<\/p>","protected":false},"featured_media":442,"template":"","meta":[],"product_brand":[],"product_cat":[22],"product_tag":[39,40,47],"class_list":{"0":"post-1435","1":"product","2":"type-product","3":"status-publish","4":"has-post-thumbnail","6":"product_cat-cd","7":"product_tag-noise-rock","8":"product_tag-post-punk","9":"product_tag-post-rock","11":"first","12":"outofstock","13":"taxable","14":"shipping-taxable","15":"purchasable","16":"product-type-variable","17":"has-default-attributes"},"jetpack_sharing_enabled":true,"_links":{"self":[{"href":"https:\/\/fonoradar.com\/en\/wp-json\/wp\/v2\/product\/1435","targetHints":{"allow":["GET"]}}],"collection":[{"href":"https:\/\/fonoradar.com\/en\/wp-json\/wp\/v2\/product"}],"about":[{"href":"https:\/\/fonoradar.com\/en\/wp-json\/wp\/v2\/types\/product"}],"wp:featuredmedia":[{"embeddable":true,"href":"https:\/\/fonoradar.com\/en\/wp-json\/wp\/v2\/media\/442"}],"wp:attachment":[{"href":"https:\/\/fonoradar.com\/en\/wp-json\/wp\/v2\/media?parent=1435"}],"wp:term":[{"taxonomy":"product_brand","embeddable":true,"href":"https:\/\/fonoradar.com\/en\/wp-json\/wp\/v2\/product_brand?post=1435"},{"taxonomy":"product_cat","embeddable":true,"href":"https:\/\/fonoradar.com\/en\/wp-json\/wp\/v2\/product_cat?post=1435"},{"taxonomy":"product_tag","embeddable":true,"href":"https:\/\/fonoradar.com\/en\/wp-json\/wp\/v2\/product_tag?post=1435"}],"curies":[{"name":"wp","href":"https:\/\/api.w.org\/{rel}","templated":true}]}}