{"id":1540,"date":"2023-05-19T13:28:20","date_gmt":"2023-05-19T11:28:20","guid":{"rendered":"https:\/\/fonoradar.com\/?post_type=product&#038;p=1540"},"modified":"2026-04-03T13:34:40","modified_gmt":"2026-04-03T11:34:40","slug":"living-under-drones-knot-on-knot-lp","status":"publish","type":"product","link":"https:\/\/fonoradar.com\/en\/product\/living-under-drones-knot-on-knot-lp\/","title":{"rendered":"Living Under Drones &#8211; Knot on Knot LP"},"content":{"rendered":"<p>Listen on <a href=\"https:\/\/fonoradar.bandcamp.com\/album\/living-under-drones-knot-on-knot\">Bandcamp<\/a>.<\/p>\n<audio class=\"wp-audio-shortcode\" id=\"audio-1540-1\" preload=\"none\" style=\"width: 100%;\" controls=\"controls\"><source type=\"audio\/mpeg\" src=\"https:\/\/fonoradar.com\/wp-content\/uploads\/2023\/05\/Living-Under-Drones-Knot-On-Knot-05-The-Uprooting-Of-Authority-The-Broadcast-of-Utopia.mp3?_=1\" \/><a href=\"https:\/\/fonoradar.com\/wp-content\/uploads\/2023\/05\/Living-Under-Drones-Knot-On-Knot-05-The-Uprooting-Of-Authority-The-Broadcast-of-Utopia.mp3\">https:\/\/fonoradar.com\/wp-content\/uploads\/2023\/05\/Living-Under-Drones-Knot-On-Knot-05-The-Uprooting-Of-Authority-The-Broadcast-of-Utopia.mp3<\/a><\/audio>","protected":false},"excerpt":{"rendered":"<p>Druga p\u0142yta greckiego zespo\u0142u Living Under Drones, nagrana wiosn\u0105 2021 w Atenach, w ko\u0144cu dost\u0119pna na winylu. Miksowa\u0142 Andreas Venetis, a za mastering odpowiada Carl Saff. Instrumentalny noise-rock najwy\u017cszej pr\u00f3by, prawdziwy cymesik dla fan\u00f3w Shellac, Don Caballero, KEN Mode, Godspeed You! Black Emperor, Ricaine, Chat Pile, Easy Prey, Russian Circles. Klasyczny czarny winyl.<\/p>","protected":false},"featured_media":1543,"template":"","meta":[],"product_brand":[],"product_cat":[24],"product_tag":[90,39,40,47],"class_list":{"0":"post-1540","1":"product","2":"type-product","3":"status-publish","4":"has-post-thumbnail","6":"product_cat-lp","7":"product_tag-instrumental","8":"product_tag-noise-rock","9":"product_tag-post-punk","10":"product_tag-post-rock","11":"product_shipping_class-lp","13":"first","14":"outofstock","15":"taxable","16":"shipping-taxable","17":"purchasable","18":"product-type-simple"},"jetpack_sharing_enabled":true,"_links":{"self":[{"href":"https:\/\/fonoradar.com\/en\/wp-json\/wp\/v2\/product\/1540","targetHints":{"allow":["GET"]}}],"collection":[{"href":"https:\/\/fonoradar.com\/en\/wp-json\/wp\/v2\/product"}],"about":[{"href":"https:\/\/fonoradar.com\/en\/wp-json\/wp\/v2\/types\/product"}],"wp:featuredmedia":[{"embeddable":true,"href":"https:\/\/fonoradar.com\/en\/wp-json\/wp\/v2\/media\/1543"}],"wp:attachment":[{"href":"https:\/\/fonoradar.com\/en\/wp-json\/wp\/v2\/media?parent=1540"}],"wp:term":[{"taxonomy":"product_brand","embeddable":true,"href":"https:\/\/fonoradar.com\/en\/wp-json\/wp\/v2\/product_brand?post=1540"},{"taxonomy":"product_cat","embeddable":true,"href":"https:\/\/fonoradar.com\/en\/wp-json\/wp\/v2\/product_cat?post=1540"},{"taxonomy":"product_tag","embeddable":true,"href":"https:\/\/fonoradar.com\/en\/wp-json\/wp\/v2\/product_tag?post=1540"}],"curies":[{"name":"wp","href":"https:\/\/api.w.org\/{rel}","templated":true}]}}