{"id":167,"date":"2020-09-01T13:45:01","date_gmt":"2020-09-01T11:45:01","guid":{"rendered":"https:\/\/fonoradar.com\/?post_type=product&#038;p=167"},"modified":"2025-07-01T00:00:49","modified_gmt":"2025-06-30T22:00:49","slug":"luggage-three-cd","status":"publish","type":"product","link":"https:\/\/fonoradar.com\/en\/product\/luggage-three-cd\/","title":{"rendered":"Luggage &#8211; Three CD"},"content":{"rendered":"<p>Pos\u0142uchaj: <a href=\"https:\/\/fonoradar.bandcamp.com\/album\/luggage-three-cd\">bandcamp <\/a><\/p>\n<audio class=\"wp-audio-shortcode\" id=\"audio-167-1\" preload=\"none\" style=\"width: 100%;\" controls=\"controls\"><source type=\"audio\/mpeg\" src=\"https:\/\/fonoradar.com\/wp-content\/uploads\/2020\/09\/01.-luggage-three.mp3?_=1\" \/><a href=\"https:\/\/fonoradar.com\/wp-content\/uploads\/2020\/09\/01.-luggage-three.mp3\">https:\/\/fonoradar.com\/wp-content\/uploads\/2020\/09\/01.-luggage-three.mp3<\/a><\/audio>","protected":false},"excerpt":{"rendered":"<p>Druga p\u0142yta Chicagowskiego LUGGAGE, pierwotnie wydana tylko na kasecie przez Don Giovanni Records; nagrana w Electrical Audio przez Matthew Barnharta, znanego ze wsp\u00f3\u0142pracy z Merge, Sub Pop, Matador, Fat Possum, Polyvinyl i wielu innych wytw\u00f3rni. Chicagowski noise-rock w klimacie Shellac.<\/p>","protected":false},"featured_media":177,"template":"","meta":[],"product_brand":[],"product_cat":[22],"product_tag":[28,39,40,47],"class_list":{"0":"post-167","1":"product","2":"type-product","3":"status-publish","4":"has-post-thumbnail","6":"product_cat-cd","7":"product_tag-luggage","8":"product_tag-noise-rock","9":"product_tag-post-punk","10":"product_tag-post-rock","11":"product_shipping_class-cd","13":"first","14":"outofstock","15":"taxable","16":"shipping-taxable","17":"purchasable","18":"product-type-simple"},"jetpack_sharing_enabled":true,"_links":{"self":[{"href":"https:\/\/fonoradar.com\/en\/wp-json\/wp\/v2\/product\/167","targetHints":{"allow":["GET"]}}],"collection":[{"href":"https:\/\/fonoradar.com\/en\/wp-json\/wp\/v2\/product"}],"about":[{"href":"https:\/\/fonoradar.com\/en\/wp-json\/wp\/v2\/types\/product"}],"wp:featuredmedia":[{"embeddable":true,"href":"https:\/\/fonoradar.com\/en\/wp-json\/wp\/v2\/media\/177"}],"wp:attachment":[{"href":"https:\/\/fonoradar.com\/en\/wp-json\/wp\/v2\/media?parent=167"}],"wp:term":[{"taxonomy":"product_brand","embeddable":true,"href":"https:\/\/fonoradar.com\/en\/wp-json\/wp\/v2\/product_brand?post=167"},{"taxonomy":"product_cat","embeddable":true,"href":"https:\/\/fonoradar.com\/en\/wp-json\/wp\/v2\/product_cat?post=167"},{"taxonomy":"product_tag","embeddable":true,"href":"https:\/\/fonoradar.com\/en\/wp-json\/wp\/v2\/product_tag?post=167"}],"curies":[{"name":"wp","href":"https:\/\/api.w.org\/{rel}","templated":true}]}}