{"id":1687,"date":"2024-03-28T10:48:30","date_gmt":"2024-03-28T09:48:30","guid":{"rendered":"https:\/\/fonoradar.com\/?post_type=product&#038;p=1687"},"modified":"2026-04-03T13:34:01","modified_gmt":"2026-04-03T11:34:01","slug":"zdroj-koleiny-cd","status":"publish","type":"product","link":"https:\/\/fonoradar.com\/en\/product\/zdroj-koleiny-cd\/","title":{"rendered":"Zdr\u00f3j &#8211; Koleiny CD"},"content":{"rendered":"<p><a href=\"https:\/\/fonoradar.bandcamp.com\/album\/zdroj-koleiny\">Pos\u0142uchaj na bandcampie.<\/a><\/p>\n<audio class=\"wp-audio-shortcode\" id=\"audio-1687-1\" preload=\"none\" style=\"width: 100%;\" controls=\"controls\"><source type=\"audio\/mpeg\" src=\"https:\/\/fonoradar.com\/wp-content\/uploads\/2024\/03\/Zdroj-Koleiny-04-Kaczkomat.mp3?_=1\" \/><a href=\"https:\/\/fonoradar.com\/wp-content\/uploads\/2024\/03\/Zdroj-Koleiny-04-Kaczkomat.mp3\">https:\/\/fonoradar.com\/wp-content\/uploads\/2024\/03\/Zdroj-Koleiny-04-Kaczkomat.mp3<\/a><\/audio>\n<p>&nbsp;<\/p>","protected":false},"excerpt":{"rendered":"<p>Druga p\u0142yta wroc\u0142awskiego Zdroju.<\/p>\n<p><a href=\"https:\/\/syfrecords.bandcamp.com\/album\/zdr-j-koleiny\">&#8222;Koleiny&#8221; s\u0105 tak\u017ce dost\u0119pne na kasecie wydanej przez Syf Records. [link]<\/a><\/p>\n<p>Zdr\u00f3j to improwizuj\u0105cy duet na gitar\u0119 (Jakub Zasada) i perkusj\u0119 (Sebastiaan Janssen), poruszaj\u0105cy si\u0119 w stylistyce instrumentalnego free punku z elementami krautrocka i noise\u2019u, udowadniaj\u0105c, \u017ce swobodna improwizacja to bardziej idea, ni\u017c uj\u0119ty w ramy gatunek muzyczny.\u00a0 Za mix i mastering odpowiedzialny jest Szymon Szwarc z Rozwodu, nagrywa\u0142 Filip Zakrzewski, produkowa\u0142 \u0141ukasz Plata, a za opraw\u0119 graficzn\u0105 odpowiada gitarzysta, Jakub Zawada. Blisko Battles, Chevreuil i US Maple.<\/p>\n","protected":false},"featured_media":1692,"template":"","meta":[],"product_brand":[],"product_cat":[22],"product_tag":[90,72,39,86,40],"class_list":{"0":"post-1687","1":"product","2":"type-product","3":"status-publish","4":"has-post-thumbnail","6":"product_cat-cd","7":"product_tag-instrumental","8":"product_tag-jazz","9":"product_tag-noise-rock","10":"product_tag-noise-punk","11":"product_tag-post-punk","12":"product_shipping_class-cd","14":"first","15":"outofstock","16":"taxable","17":"shipping-taxable","18":"purchasable","19":"product-type-simple"},"jetpack_sharing_enabled":true,"_links":{"self":[{"href":"https:\/\/fonoradar.com\/en\/wp-json\/wp\/v2\/product\/1687","targetHints":{"allow":["GET"]}}],"collection":[{"href":"https:\/\/fonoradar.com\/en\/wp-json\/wp\/v2\/product"}],"about":[{"href":"https:\/\/fonoradar.com\/en\/wp-json\/wp\/v2\/types\/product"}],"wp:featuredmedia":[{"embeddable":true,"href":"https:\/\/fonoradar.com\/en\/wp-json\/wp\/v2\/media\/1692"}],"wp:attachment":[{"href":"https:\/\/fonoradar.com\/en\/wp-json\/wp\/v2\/media?parent=1687"}],"wp:term":[{"taxonomy":"product_brand","embeddable":true,"href":"https:\/\/fonoradar.com\/en\/wp-json\/wp\/v2\/product_brand?post=1687"},{"taxonomy":"product_cat","embeddable":true,"href":"https:\/\/fonoradar.com\/en\/wp-json\/wp\/v2\/product_cat?post=1687"},{"taxonomy":"product_tag","embeddable":true,"href":"https:\/\/fonoradar.com\/en\/wp-json\/wp\/v2\/product_tag?post=1687"}],"curies":[{"name":"wp","href":"https:\/\/api.w.org\/{rel}","templated":true}]}}