{"id":1758,"date":"2025-01-28T23:35:07","date_gmt":"2025-01-28T22:35:07","guid":{"rendered":"https:\/\/fonoradar.com\/?post_type=product&#038;p=1758"},"modified":"2026-04-03T13:34:06","modified_gmt":"2026-04-03T11:34:06","slug":"be-safe-unwell-lp","status":"publish","type":"product","link":"https:\/\/fonoradar.com\/en\/product\/be-safe-unwell-lp\/","title":{"rendered":"Be Safe &#8211; Unwell LP"},"content":{"rendered":"<p><a href=\"https:\/\/fonoradar.bandcamp.com\/album\/be-safe-unwell\">Listen on Bandcamp.<\/a><\/p>\n<audio class=\"wp-audio-shortcode\" id=\"audio-1758-1\" preload=\"none\" style=\"width: 100%;\" controls=\"controls\"><source type=\"audio\/mpeg\" src=\"https:\/\/fonoradar.com\/wp-content\/uploads\/2025\/01\/Be-Safe-Unwell-02-In-a-House.mp3?_=1\" \/><a href=\"https:\/\/fonoradar.com\/wp-content\/uploads\/2025\/01\/Be-Safe-Unwell-02-In-a-House.mp3\">https:\/\/fonoradar.com\/wp-content\/uploads\/2025\/01\/Be-Safe-Unwell-02-In-a-House.mp3<\/a><\/audio>","protected":false},"excerpt":{"rendered":"<p>Winylowa wersja p\u0142yty, kt\u00f3ra pierwotnie ukaza\u0142a si\u0119 na kasecie nak\u0142adem Count Your Lucky Stars. Klimatycznie blisko Karate, Slint, Duster, Mineral, Christie Front Drive, Songs: Ohia, American Football i Sharks Keep Moving. Wydanie winylowe zawiera bonusowy utw\u00f3r 'To Suffer&#8217;.<br \/>\nPremiera 14\/02\/2025.<\/p>","protected":false},"featured_media":1766,"template":"","meta":[],"product_brand":[],"product_cat":[24],"product_tag":[],"class_list":{"0":"post-1758","1":"product","2":"type-product","3":"status-publish","4":"has-post-thumbnail","6":"product_cat-lp","7":"product_shipping_class-lp","9":"first","10":"outofstock","11":"taxable","12":"shipping-taxable","13":"purchasable","14":"product-type-simple"},"jetpack_sharing_enabled":true,"_links":{"self":[{"href":"https:\/\/fonoradar.com\/en\/wp-json\/wp\/v2\/product\/1758","targetHints":{"allow":["GET"]}}],"collection":[{"href":"https:\/\/fonoradar.com\/en\/wp-json\/wp\/v2\/product"}],"about":[{"href":"https:\/\/fonoradar.com\/en\/wp-json\/wp\/v2\/types\/product"}],"wp:featuredmedia":[{"embeddable":true,"href":"https:\/\/fonoradar.com\/en\/wp-json\/wp\/v2\/media\/1766"}],"wp:attachment":[{"href":"https:\/\/fonoradar.com\/en\/wp-json\/wp\/v2\/media?parent=1758"}],"wp:term":[{"taxonomy":"product_brand","embeddable":true,"href":"https:\/\/fonoradar.com\/en\/wp-json\/wp\/v2\/product_brand?post=1758"},{"taxonomy":"product_cat","embeddable":true,"href":"https:\/\/fonoradar.com\/en\/wp-json\/wp\/v2\/product_cat?post=1758"},{"taxonomy":"product_tag","embeddable":true,"href":"https:\/\/fonoradar.com\/en\/wp-json\/wp\/v2\/product_tag?post=1758"}],"curies":[{"name":"wp","href":"https:\/\/api.w.org\/{rel}","templated":true}]}}