{"id":181,"date":"2020-09-01T13:51:09","date_gmt":"2020-09-01T11:51:09","guid":{"rendered":"https:\/\/fonoradar.com\/?post_type=product&#038;p=181"},"modified":"2023-04-18T22:57:10","modified_gmt":"2023-04-18T20:57:10","slug":"more-than-three-seasons-hymns-cd","status":"publish","type":"product","link":"https:\/\/fonoradar.com\/en\/product\/more-than-three-seasons-hymns-cd\/","title":{"rendered":"More Than Three &#8211; Seasons Hymns CD"},"content":{"rendered":"<p>Pos\u0142uchaj: <a href=\"https:\/\/fonoradar.bandcamp.com\/album\/more-than-three-seasons-hymns-cd\">bandcamp<\/a><\/p>\n<audio class=\"wp-audio-shortcode\" id=\"audio-181-1\" preload=\"none\" style=\"width: 100%;\" controls=\"controls\"><source type=\"audio\/mpeg\" src=\"https:\/\/fonoradar.com\/wp-content\/uploads\/2020\/09\/03.-more-than-three-systemathic.mp3?_=1\" \/><a href=\"https:\/\/fonoradar.com\/wp-content\/uploads\/2020\/09\/03.-more-than-three-systemathic.mp3\">https:\/\/fonoradar.com\/wp-content\/uploads\/2020\/09\/03.-more-than-three-systemathic.mp3<\/a><\/audio>","protected":false},"excerpt":{"rendered":"<p>Pionierzy emo z Wo\u0142owa, pierwszy zesp\u00f3\u0142 Piotra Brzezi\u0144skiego znanego obecnie jako Peter J. Birch.<\/p>","protected":false},"featured_media":130,"template":"","meta":[],"product_brand":[],"product_cat":[22],"product_tag":[60,41,63,42],"class_list":{"0":"post-181","1":"product","2":"type-product","3":"status-publish","4":"has-post-thumbnail","6":"product_cat-cd","7":"product_tag-blue-raincoat","8":"product_tag-emo-core","9":"product_tag-more-than-three","10":"product_tag-peter-j-birch","11":"product_shipping_class-cd","13":"first","14":"outofstock","15":"sold-individually","16":"taxable","17":"shipping-taxable","18":"purchasable","19":"product-type-simple"},"jetpack_sharing_enabled":true,"_links":{"self":[{"href":"https:\/\/fonoradar.com\/en\/wp-json\/wp\/v2\/product\/181","targetHints":{"allow":["GET"]}}],"collection":[{"href":"https:\/\/fonoradar.com\/en\/wp-json\/wp\/v2\/product"}],"about":[{"href":"https:\/\/fonoradar.com\/en\/wp-json\/wp\/v2\/types\/product"}],"wp:featuredmedia":[{"embeddable":true,"href":"https:\/\/fonoradar.com\/en\/wp-json\/wp\/v2\/media\/130"}],"wp:attachment":[{"href":"https:\/\/fonoradar.com\/en\/wp-json\/wp\/v2\/media?parent=181"}],"wp:term":[{"taxonomy":"product_brand","embeddable":true,"href":"https:\/\/fonoradar.com\/en\/wp-json\/wp\/v2\/product_brand?post=181"},{"taxonomy":"product_cat","embeddable":true,"href":"https:\/\/fonoradar.com\/en\/wp-json\/wp\/v2\/product_cat?post=181"},{"taxonomy":"product_tag","embeddable":true,"href":"https:\/\/fonoradar.com\/en\/wp-json\/wp\/v2\/product_tag?post=181"}],"curies":[{"name":"wp","href":"https:\/\/api.w.org\/{rel}","templated":true}]}}