{"id":388,"date":"2020-11-26T17:12:47","date_gmt":"2020-11-26T16:12:47","guid":{"rendered":"https:\/\/fonoradar.com\/?post_type=product&#038;p=388"},"modified":"2026-03-29T13:30:30","modified_gmt":"2026-03-29T11:30:30","slug":"guiding-lights-cold-reading-cd","status":"publish","type":"product","link":"https:\/\/fonoradar.com\/en\/product\/guiding-lights-cold-reading-cd\/","title":{"rendered":"Guiding Lights &#8211; Cold Reading CD"},"content":{"rendered":"<p>Pos\u0142uchaj ca\u0142o\u015bci <a href=\"https:\/\/fonoradar.bandcamp.com\/album\/guiding-lights-cold-reading\">na bandcampie<\/a>.<\/p>\n<audio class=\"wp-audio-shortcode\" id=\"audio-388-1\" preload=\"none\" style=\"width: 100%;\" controls=\"controls\"><source type=\"audio\/wav\" src=\"https:\/\/fonoradar.com\/wp-content\/uploads\/2020\/11\/A_02_untitled_youth.wav?_=1\" \/><a href=\"https:\/\/fonoradar.com\/wp-content\/uploads\/2020\/11\/A_02_untitled_youth.wav\">https:\/\/fonoradar.com\/wp-content\/uploads\/2020\/11\/A_02_untitled_youth.wav<\/a><\/audio>","protected":false},"excerpt":{"rendered":"<p>Trzecia p\u0142yta Guiding Lights przynosi spore zmiany stylistyczne, zasygnalizowane ju\u017c na tegorocznym splicie z Columbus Duo.\u00a0 Rdzeniem utwor\u00f3w jest sekcja rytmiczna, ch\u0142odne, rwane riffy i po\u0142amana rytmika przywodz\u0105 na my\u015bl dokonania ameryka\u0144skich klasyk\u00f3w noise rocka. Mniej wokali, mniej melodii, wi\u0119cej niepokoju i nerwowo\u015bci.<\/p>","protected":false},"featured_media":390,"template":"","meta":[],"product_brand":[],"product_cat":[22],"product_tag":[59,39],"class_list":{"0":"post-388","1":"product","2":"type-product","3":"status-publish","4":"has-post-thumbnail","6":"product_cat-cd","7":"product_tag-guiding-lights","8":"product_tag-noise-rock","9":"product_shipping_class-cd","11":"first","12":"instock","13":"sale","14":"taxable","15":"shipping-taxable","16":"purchasable","17":"product-type-simple"},"jetpack_sharing_enabled":true,"_links":{"self":[{"href":"https:\/\/fonoradar.com\/en\/wp-json\/wp\/v2\/product\/388","targetHints":{"allow":["GET"]}}],"collection":[{"href":"https:\/\/fonoradar.com\/en\/wp-json\/wp\/v2\/product"}],"about":[{"href":"https:\/\/fonoradar.com\/en\/wp-json\/wp\/v2\/types\/product"}],"wp:featuredmedia":[{"embeddable":true,"href":"https:\/\/fonoradar.com\/en\/wp-json\/wp\/v2\/media\/390"}],"wp:attachment":[{"href":"https:\/\/fonoradar.com\/en\/wp-json\/wp\/v2\/media?parent=388"}],"wp:term":[{"taxonomy":"product_brand","embeddable":true,"href":"https:\/\/fonoradar.com\/en\/wp-json\/wp\/v2\/product_brand?post=388"},{"taxonomy":"product_cat","embeddable":true,"href":"https:\/\/fonoradar.com\/en\/wp-json\/wp\/v2\/product_cat?post=388"},{"taxonomy":"product_tag","embeddable":true,"href":"https:\/\/fonoradar.com\/en\/wp-json\/wp\/v2\/product_tag?post=388"}],"curies":[{"name":"wp","href":"https:\/\/api.w.org\/{rel}","templated":true}]}}