{"id":548,"date":"2021-04-16T12:41:54","date_gmt":"2021-04-16T10:41:54","guid":{"rendered":"https:\/\/fonoradar.com\/?post_type=product&#038;p=548"},"modified":"2026-04-13T15:04:08","modified_gmt":"2026-04-13T13:04:08","slug":"niski-szum-wydmy-bagna-jeziora-cd","status":"publish","type":"product","link":"https:\/\/fonoradar.com\/en\/product\/niski-szum-wydmy-bagna-jeziora-cd\/","title":{"rendered":"Niski Szum &#8211; Wydmy, bagna, jeziora CD"},"content":{"rendered":"<p>Pos\u0142uchaj ca\u0142o\u015bci na <a href=\"https:\/\/fonoradar.bandcamp.com\/album\/niski-szum-wydmy-bagna-jeziora\">Bandcamp<\/a>.<\/p>\n<audio class=\"wp-audio-shortcode\" id=\"audio-548-1\" preload=\"none\" style=\"width: 100%;\" controls=\"controls\"><source type=\"audio\/mpeg\" src=\"https:\/\/fonoradar.com\/wp-content\/uploads\/2021\/04\/4-Niski-Szum-zamarly-las.mp3?_=1\" \/><a href=\"https:\/\/fonoradar.com\/wp-content\/uploads\/2021\/04\/4-Niski-Szum-zamarly-las.mp3\">https:\/\/fonoradar.com\/wp-content\/uploads\/2021\/04\/4-Niski-Szum-zamarly-las.mp3<\/a><\/audio>","protected":false},"excerpt":{"rendered":"<p>Niski Szum to Marcin Dymiter (gitara elektryczna, g\u0142os, nagrania terenowe) i Olga Hanowska (teksty, skrzypce, g\u0142os, nagrania terenowe). &#8222;Wydmy, bagna, jeziora&#8221; to ich trzecia p\u0142yta, na kt\u00f3rej duet zwraca si\u0119 w stron\u0119 mikro\u015bwiata Pomorza, z jego popl\u0105tan\u0105 histori\u0105, przypominaj\u0105c\u0105 wygi\u0119te i splecione nadmorskie sosny. \u201eWydmy bagna jeziora\u201d to osobisty album o relacji z miejscem, z w\u0142asn\u0105 pami\u0119ci\u0105, z obrazami dzikiego wybrze\u017ca, rubie\u017cy i porzuconego terenu, kt\u00f3ry znika na naszych oczach.<\/p>","protected":false},"featured_media":541,"template":"","meta":[],"product_brand":[],"product_cat":[22],"product_tag":[65],"class_list":{"0":"post-548","1":"product","2":"type-product","3":"status-publish","4":"has-post-thumbnail","6":"product_cat-cd","7":"product_tag-niski-szum","8":"product_shipping_class-cd","10":"first","11":"instock","12":"sale","13":"taxable","14":"shipping-taxable","15":"purchasable","16":"product-type-simple"},"jetpack_sharing_enabled":true,"_links":{"self":[{"href":"https:\/\/fonoradar.com\/en\/wp-json\/wp\/v2\/product\/548","targetHints":{"allow":["GET"]}}],"collection":[{"href":"https:\/\/fonoradar.com\/en\/wp-json\/wp\/v2\/product"}],"about":[{"href":"https:\/\/fonoradar.com\/en\/wp-json\/wp\/v2\/types\/product"}],"wp:featuredmedia":[{"embeddable":true,"href":"https:\/\/fonoradar.com\/en\/wp-json\/wp\/v2\/media\/541"}],"wp:attachment":[{"href":"https:\/\/fonoradar.com\/en\/wp-json\/wp\/v2\/media?parent=548"}],"wp:term":[{"taxonomy":"product_brand","embeddable":true,"href":"https:\/\/fonoradar.com\/en\/wp-json\/wp\/v2\/product_brand?post=548"},{"taxonomy":"product_cat","embeddable":true,"href":"https:\/\/fonoradar.com\/en\/wp-json\/wp\/v2\/product_cat?post=548"},{"taxonomy":"product_tag","embeddable":true,"href":"https:\/\/fonoradar.com\/en\/wp-json\/wp\/v2\/product_tag?post=548"}],"curies":[{"name":"wp","href":"https:\/\/api.w.org\/{rel}","templated":true}]}}