{"id":764,"date":"2021-12-08T11:06:11","date_gmt":"2021-12-08T10:06:11","guid":{"rendered":"https:\/\/fonoradar.com\/?post_type=product&#038;p=764"},"modified":"2026-03-24T12:24:46","modified_gmt":"2026-03-24T11:24:46","slug":"canine-callgirls-baboon-wrestling-cd","status":"publish","type":"product","link":"https:\/\/fonoradar.com\/en\/product\/canine-callgirls-baboon-wrestling-cd\/","title":{"rendered":"Canine Callgirls &#8211; Baboon Wrestling CD"},"content":{"rendered":"<p>Listen on <a href=\"https:\/\/fonoradar.bandcamp.com\/album\/canine-callgirls-baboon-wrestling\">Bandcamp.<\/a><\/p>\n<audio class=\"wp-audio-shortcode\" id=\"audio-764-1\" preload=\"none\" style=\"width: 100%;\" controls=\"controls\"><source type=\"audio\/mpeg\" src=\"https:\/\/fonoradar.com\/wp-content\/uploads\/2021\/12\/CC-01-Sciezka-1.mp3?_=1\" \/><a href=\"https:\/\/fonoradar.com\/wp-content\/uploads\/2021\/12\/CC-01-Sciezka-1.mp3\">https:\/\/fonoradar.com\/wp-content\/uploads\/2021\/12\/CC-01-Sciezka-1.mp3<\/a><\/audio>","protected":false},"excerpt":{"rendered":"<p>Prawdziwa supergrupa w barwach Fonoradar: Canine Callgirls na tej p\u0142ycie to \u0141ukasz Ciszak (bas, gitara), Macior Moetti (b\u0119bny) i Maciek Stankiewicz (gitara i syntezatory). Duszno i narkotycznie.<\/p>","protected":false},"featured_media":766,"template":"","meta":[],"product_brand":[],"product_cat":[22],"product_tag":[59,39,47],"class_list":{"0":"post-764","1":"product","2":"type-product","3":"status-publish","4":"has-post-thumbnail","6":"product_cat-cd","7":"product_tag-guiding-lights","8":"product_tag-noise-rock","9":"product_tag-post-rock","10":"product_shipping_class-cd","12":"first","13":"instock","14":"sale","15":"taxable","16":"shipping-taxable","17":"purchasable","18":"product-type-simple"},"jetpack_sharing_enabled":true,"_links":{"self":[{"href":"https:\/\/fonoradar.com\/en\/wp-json\/wp\/v2\/product\/764","targetHints":{"allow":["GET"]}}],"collection":[{"href":"https:\/\/fonoradar.com\/en\/wp-json\/wp\/v2\/product"}],"about":[{"href":"https:\/\/fonoradar.com\/en\/wp-json\/wp\/v2\/types\/product"}],"wp:featuredmedia":[{"embeddable":true,"href":"https:\/\/fonoradar.com\/en\/wp-json\/wp\/v2\/media\/766"}],"wp:attachment":[{"href":"https:\/\/fonoradar.com\/en\/wp-json\/wp\/v2\/media?parent=764"}],"wp:term":[{"taxonomy":"product_brand","embeddable":true,"href":"https:\/\/fonoradar.com\/en\/wp-json\/wp\/v2\/product_brand?post=764"},{"taxonomy":"product_cat","embeddable":true,"href":"https:\/\/fonoradar.com\/en\/wp-json\/wp\/v2\/product_cat?post=764"},{"taxonomy":"product_tag","embeddable":true,"href":"https:\/\/fonoradar.com\/en\/wp-json\/wp\/v2\/product_tag?post=764"}],"curies":[{"name":"wp","href":"https:\/\/api.w.org\/{rel}","templated":true}]}}