{"id":966,"date":"2022-06-26T12:22:28","date_gmt":"2022-06-26T10:22:28","guid":{"rendered":"https:\/\/fonoradar.com\/?post_type=product&#038;p=966"},"modified":"2026-03-15T09:18:20","modified_gmt":"2026-03-15T08:18:20","slug":"przepych-i-inne-zabawne-rzeczy-cd","status":"publish","type":"product","link":"https:\/\/fonoradar.com\/en\/product\/przepych-i-inne-zabawne-rzeczy-cd\/","title":{"rendered":"Przepych &#8211; I inne zabawne rzeczy CD"},"content":{"rendered":"<p>Listen on <a href=\"https:\/\/fonoradar.bandcamp.com\/album\/przepych-i-inne-zabawne-rzeczy\">Bandcamp<\/a>.<\/p>\n<audio class=\"wp-audio-shortcode\" id=\"audio-966-1\" preload=\"none\" style=\"width: 100%;\" controls=\"controls\"><source type=\"audio\/mpeg\" src=\"https:\/\/fonoradar.com\/wp-content\/uploads\/2022\/06\/09-Inne-zabawne-rzeczy.mp3?_=1\" \/><a href=\"https:\/\/fonoradar.com\/wp-content\/uploads\/2022\/06\/09-Inne-zabawne-rzeczy.mp3\">https:\/\/fonoradar.com\/wp-content\/uploads\/2022\/06\/09-Inne-zabawne-rzeczy.mp3<\/a><\/audio>","protected":false},"excerpt":{"rendered":"<p>Nowa, ostateczna p\u0142yta zespo\u0142u Przepych. Materia\u0142 zosta\u0142 zerejestrowany przez Szymona Szwarca (Rozw\u00f3d) pod koniec czerwca 2021 w studiu Z\u0142e Litery w Toruniu.<\/p>","protected":false},"featured_media":955,"template":"","meta":[],"product_brand":[],"product_cat":[22],"product_tag":[72,40],"class_list":{"0":"post-966","1":"product","2":"type-product","3":"status-publish","4":"has-post-thumbnail","6":"product_cat-cd","7":"product_tag-jazz","8":"product_tag-post-punk","9":"product_shipping_class-cd","11":"first","12":"instock","13":"sale","14":"taxable","15":"shipping-taxable","16":"purchasable","17":"product-type-simple"},"jetpack_sharing_enabled":true,"_links":{"self":[{"href":"https:\/\/fonoradar.com\/en\/wp-json\/wp\/v2\/product\/966","targetHints":{"allow":["GET"]}}],"collection":[{"href":"https:\/\/fonoradar.com\/en\/wp-json\/wp\/v2\/product"}],"about":[{"href":"https:\/\/fonoradar.com\/en\/wp-json\/wp\/v2\/types\/product"}],"wp:featuredmedia":[{"embeddable":true,"href":"https:\/\/fonoradar.com\/en\/wp-json\/wp\/v2\/media\/955"}],"wp:attachment":[{"href":"https:\/\/fonoradar.com\/en\/wp-json\/wp\/v2\/media?parent=966"}],"wp:term":[{"taxonomy":"product_brand","embeddable":true,"href":"https:\/\/fonoradar.com\/en\/wp-json\/wp\/v2\/product_brand?post=966"},{"taxonomy":"product_cat","embeddable":true,"href":"https:\/\/fonoradar.com\/en\/wp-json\/wp\/v2\/product_cat?post=966"},{"taxonomy":"product_tag","embeddable":true,"href":"https:\/\/fonoradar.com\/en\/wp-json\/wp\/v2\/product_tag?post=966"}],"curies":[{"name":"wp","href":"https:\/\/api.w.org\/{rel}","templated":true}]}}